{"id":12,"date":"2023-08-04T22:55:11","date_gmt":"2023-08-04T20:55:11","guid":{"rendered":"https:\/\/gitedelasienne.com\/?page_id=12"},"modified":"2024-08-05T11:02:54","modified_gmt":"2024-08-05T09:02:54","slug":"beaux-portfolios-pour-des-creatifs-exceptionnels","status":"publish","type":"page","link":"https:\/\/gitedelasienne.com\/","title":{"rendered":"Le G\u00eete de la Sienne \u00e0 R\u00e9gneville-sur-mer"},"content":{"rendered":"\n<h2 class=\"wp-block-heading\">Un havre de paix<\/h2>\n\n\n\n<div class=\"wp-block-media-text is-stacked-on-mobile\" style=\"grid-template-columns:40% auto\"><figure class=\"wp-block-media-text__media\"><img loading=\"lazy\" decoding=\"async\" width=\"1024\" height=\"819\" src=\"https:\/\/gitedelasienne.com\/wp-content\/uploads\/2024\/08\/IMG_4357-1024x819.jpeg\" alt=\"Exterieur gite de la sienne\" class=\"wp-image-119 size-full\" srcset=\"https:\/\/gitedelasienne.com\/wp-content\/uploads\/2024\/08\/IMG_4357-1024x819.jpeg 1024w, https:\/\/gitedelasienne.com\/wp-content\/uploads\/2024\/08\/IMG_4357-300x240.jpeg 300w, https:\/\/gitedelasienne.com\/wp-content\/uploads\/2024\/08\/IMG_4357-768x614.jpeg 768w, https:\/\/gitedelasienne.com\/wp-content\/uploads\/2024\/08\/IMG_4357-1536x1229.jpeg 1536w, https:\/\/gitedelasienne.com\/wp-content\/uploads\/2024\/08\/IMG_4357-2048x1638.jpeg 2048w, https:\/\/gitedelasienne.com\/wp-content\/uploads\/2024\/08\/IMG_4357-1140x912.jpeg 1140w\" sizes=\"auto, (max-width: 1024px) 100vw, 1024px\" \/><\/figure><div class=\"wp-block-media-text__content\">\n<p>Enti\u00e8rement restaur\u00e9 d\u00e9but 2024, le G\u00eete de la Sienne vous ouvre ses portes au c\u0153ur du charmant village de Regn\u00e9ville-sur-Mer.<\/p>\n\n\n\n<p>\u00c0 seulement 200 m\u00e8tres de la baie de Sienne, vous pourrez profiter d&rsquo;une magnifique vue panoramique sur le havre de Regn\u00e9ville, s&rsquo;\u00e9tendant jusqu&rsquo;\u00e0 Granville au sud et offrant un aper\u00e7u sur la pointe d&rsquo;Agon et les \u00celes Chausey. Situ\u00e9 dans un quartier tr\u00e8s calme, notre g\u00eete vous accueille sur un vaste parc de 2000 m\u00b2, avec deux terrasses id\u00e9alement expos\u00e9es pour vos moments de d\u00e9tente.<br><br>\u00c0 l&rsquo;int\u00e9rieur, une grande pi\u00e8ce de vie au rez-de-chauss\u00e9e, avec une cuisine enti\u00e8rement r\u00e9nov\u00e9e et \u00e9quip\u00e9e, vous attend, ainsi que deux chambres doubles confortables et une salle de bain.<\/p>\n<\/div><\/div>\n\n\n\n<p class=\"has-text-align-left\"><\/p>\n\n\n\n<p><br>\u00c0 l&rsquo;\u00e9tage, un espace d\u00e9tente et ludique est \u00e0 votre disposition, offrant une vue \u00e0 180\u00b0 sur la mer. Vous y trouverez \u00e9galement une chambre double avec un lit b\u00e9b\u00e9, ainsi qu&rsquo;un dortoir pouvant accueillir cinq personnes, compos\u00e9 d&rsquo;un lit double, de trois lits simples et d&rsquo;une salle d&rsquo;eau privative. Une deuxi\u00e8me salle de bain se trouve \u00e9galement \u00e0 cet \u00e9tage, offrant un total de trois salles d&rsquo;eau et deux toilettes dans tout le g\u00eete.<\/p>\n\n\n\n<p>Au rez-de-jardin, une buanderie \u00e9quip\u00e9e d&rsquo;un lave-linge, d&rsquo;une cuisini\u00e8re et d&rsquo;un r\u00e9frig\u00e9rateur suppl\u00e9mentaire compl\u00e8te votre logement. <br>Avec son acc\u00e8s ext\u00e9rieur, cette pi\u00e8ce pratique permet de ranger le barbecue, les chaises longues, les parasols \u00e0 votre disposition, et d&rsquo;y mettre en s\u00e9curit\u00e9 vos v\u00e9los, poussettes, et autres \u00e9quipements.<\/p>\n\n\n\n<p class=\"has-text-align-left\">Nous avons h\u00e2te de vous accueillir au G\u00eete de la Sienne et de vous faire d\u00e9couvrir ce coin de paradis.<br><\/p>\n\n\n\n<p><\/p>\n\n\n\n<figure class=\"wp-block-gallery has-nested-images columns-default is-cropped wp-block-gallery-1 is-layout-flex wp-block-gallery-is-layout-flex\">\n<figure class=\"wp-block-image size-full is-style-rounded\"><img loading=\"lazy\" decoding=\"async\" width=\"1440\" height=\"2560\" data-id=\"95\" src=\"https:\/\/gitedelasienne.com\/wp-content\/uploads\/2024\/06\/Exterieur-gite-de-la-sienne-scaled.jpg\" alt=\"\" class=\"wp-image-95\" srcset=\"https:\/\/gitedelasienne.com\/wp-content\/uploads\/2024\/06\/Exterieur-gite-de-la-sienne-scaled.jpg 1440w, https:\/\/gitedelasienne.com\/wp-content\/uploads\/2024\/06\/Exterieur-gite-de-la-sienne-169x300.jpg 169w, https:\/\/gitedelasienne.com\/wp-content\/uploads\/2024\/06\/Exterieur-gite-de-la-sienne-576x1024.jpg 576w, https:\/\/gitedelasienne.com\/wp-content\/uploads\/2024\/06\/Exterieur-gite-de-la-sienne-768x1365.jpg 768w, https:\/\/gitedelasienne.com\/wp-content\/uploads\/2024\/06\/Exterieur-gite-de-la-sienne-864x1536.jpg 864w, https:\/\/gitedelasienne.com\/wp-content\/uploads\/2024\/06\/Exterieur-gite-de-la-sienne-1152x2048.jpg 1152w, https:\/\/gitedelasienne.com\/wp-content\/uploads\/2024\/06\/Exterieur-gite-de-la-sienne-1140x2027.jpg 1140w\" sizes=\"auto, (max-width: 1440px) 100vw, 1440px\" \/><\/figure>\n\n\n\n<figure class=\"wp-block-image size-full is-style-rounded\"><img loading=\"lazy\" decoding=\"async\" width=\"721\" height=\"913\" data-id=\"72\" src=\"https:\/\/gitedelasienne.com\/wp-content\/uploads\/2024\/06\/image_2024-06-20_151403756.png\" alt=\"Bateau baie Regn\u00e9ville-sur-Mer couch\u00e9 de soleil\" class=\"wp-image-72\" title=\"Image beaut\u00e9 havre Regn\u00e9ville-sur-mer\" srcset=\"https:\/\/gitedelasienne.com\/wp-content\/uploads\/2024\/06\/image_2024-06-20_151403756.png 721w, https:\/\/gitedelasienne.com\/wp-content\/uploads\/2024\/06\/image_2024-06-20_151403756-237x300.png 237w\" sizes=\"auto, (max-width: 721px) 100vw, 721px\" \/><\/figure>\n\n\n\n<figure class=\"wp-block-image size-full is-style-rounded\"><img loading=\"lazy\" decoding=\"async\" width=\"1441\" height=\"2560\" data-id=\"99\" src=\"https:\/\/gitedelasienne.com\/wp-content\/uploads\/2024\/06\/Terrasse-table-scaled.jpg\" alt=\"\" class=\"wp-image-99\" srcset=\"https:\/\/gitedelasienne.com\/wp-content\/uploads\/2024\/06\/Terrasse-table-scaled.jpg 1441w, https:\/\/gitedelasienne.com\/wp-content\/uploads\/2024\/06\/Terrasse-table-169x300.jpg 169w, https:\/\/gitedelasienne.com\/wp-content\/uploads\/2024\/06\/Terrasse-table-577x1024.jpg 577w, https:\/\/gitedelasienne.com\/wp-content\/uploads\/2024\/06\/Terrasse-table-768x1364.jpg 768w, https:\/\/gitedelasienne.com\/wp-content\/uploads\/2024\/06\/Terrasse-table-865x1536.jpg 865w, https:\/\/gitedelasienne.com\/wp-content\/uploads\/2024\/06\/Terrasse-table-1153x2048.jpg 1153w, https:\/\/gitedelasienne.com\/wp-content\/uploads\/2024\/06\/Terrasse-table-1140x2025.jpg 1140w\" sizes=\"auto, (max-width: 1441px) 100vw, 1441px\" \/><\/figure>\n<\/figure>\n\n\n\n<h2 class=\"wp-block-heading\"><br>Activit\u00e9s \u00e0 proximit\u00e9s<\/h2>\n\n\n\n<p>C\u00f4t\u00e9 restauration, trois restaurants sont accessibles \u00e0 pied, le Jules Gomez, La Baie et la Petite Gare. Sans oublier le bar L&rsquo;Escale qui propose r\u00e9guli\u00e8rement des d\u00e9gustations d&rsquo;huitres ou produits r\u00e9gionaux.<br><br>Cot\u00e9 animation, vous ne manquerez pas d&rsquo;occupations : March\u00e9 et concert tous les vendredis soir au ch\u00e2teau en juillet et ao\u00fbt ainsi que le dimanche \u00e0 18&nbsp;H, concert au bar La Moussette \u00e0 Hauteville le vendredi soir, ap\u00e9ro concert \u00e0 la Petite gare le samedi soir. March\u00e9 \u00e0 Hauteville sur mer le dimanche matin, \u00e0 Agon-Coutainville le samedi matin, \u00e0 Montmartin sur mer le mercredi matin.<br>L&rsquo;\u00e9cole de voile d&rsquo;Hauteville propose de nombreux stages de formation : d\u00e9riveur, paddle, chars \u00e0 voile, longe c\u00f4te.<br><br>\u00c0 visiter : le Ch\u00e2teau et les fours \u00e0 chaux de Regn\u00e9ville, la p\u00eacherie Maillard \u00e0 Hauteville, sans oublier de faire de belles promenades dans la baie en remontant la Sienne au travers des pr\u00e9s-sal\u00e9s jusqu&rsquo;au pont de la Roque.<br>Le havre accueille une grande vari\u00e9t\u00e9 d&rsquo;oiseaux marins et migrateurs ainsi qu&rsquo;une colonie de phoques visibles \u00e0 mar\u00e9e basse sur les bancs de sables.<br><br>Grandes mar\u00e9es et p\u00eache \u00e0 pied : La zone maritime de Regn\u00e9ville est connue pour ses mar\u00e9es exceptionnelles. Avec un marnage identique \u00e0 celui du Mont-Saint-Michel, les grandes mar\u00e9es \u00e0 Regn\u00e9ville sont toujours l&rsquo;occasion d&rsquo;un spectacle qui attire curieux et amateur de belles photos. <br>\u00c0 cette occasion, la mer se retire \u00e0 plusieurs kilom\u00e8tres, \u00e0 la plus grande joie des p\u00e9cheurs \u00e0 pied et remonte tr\u00e8s vite et tr\u00e8s haut (faites attention), recouvrant plage et pr\u00e9s-sal\u00e9s. Le paysage est ainsi totalement m\u00e9tamorphos\u00e9.<br><br>Baignade et plage de sable fin : La c\u00f4te des Havres est connue pour ses grandes plages de plusieurs kilom\u00e8tres. Ces grands espaces vous permettront de vous livrer \u00e0 vos jeux de plage favoris (beach-volley, p\u00e9tanque, badminton, cerf-volant\u2026) ou de profiter de la baignade.<br><br>Dans un rayon de 100 km, de tr\u00e8s nombreux sites prestigieux sont \u00e0 d\u00e9couvrir : le Mont-Saint-Michel, Granville, St M\u00e2lo, Cherbourg et sa cit\u00e9e de la mer, les plages du d\u00e9barquement, les marais du Cotentin\u2026<br><br>\u00c0 ne pas rater : De nombreux festivals sont propos\u00e9s. Jazz sous les pommiers \u00e0 Coutances en mai, Chauffer dans la Noirceur \u00e0 Montmartin sur mer en juillet, festival des voiles de travail \u00e0 Granville en aout, Papillons de nuits \u00e0 St-Laurent de Cuves en mai, La tr\u00e8s grande foire de Lessay en septembre, ou encore d\u00e9couvrir les \u00celes Chausey au d\u00e9part de Granville ou les \u00eeles Anglo-normandes (Jersey, Guernesey, Cerq\u2026) au d\u00e9part de Barneville Carterets.<\/p>\n\n\n\n<p>En conclusion, Regn\u00e9ville-sur-Mer est une destination unique en Normandie qui allie harmonieusement histoire, nature et gastronomie. Que vous soyez \u00e0 la recherche de d\u00e9couvertes historiques, de d\u00e9tente en pleine nature ou de plaisirs culinaires, ce village c\u00f4tier charmant a tout pour plaire. <br><br>Laissez-vous s\u00e9duire par le charme intemporel de Regn\u00e9ville-sur-Mer et vivez une exp\u00e9rience inoubliable sur la c\u00f4te normande.<\/p>\n\n\n\n<div style=\"height:55px\" aria-hidden=\"true\" class=\"wp-block-spacer\"><\/div>\n\n\n\n<div class=\"wp-block-group alignfull\"><div class=\"wp-block-group__inner-container is-layout-flow wp-block-group-is-layout-flow\"><\/div><\/div>\n\n\n\n<div class=\"wp-block-cover alignfull is-light is-position-center-center\" style=\"min-height:375px;aspect-ratio:unset;\"><span aria-hidden=\"true\" class=\"wp-block-cover__background has-background-dim-40 has-background-dim\" style=\"background-color:#879795\"><\/span><img loading=\"lazy\" decoding=\"async\" width=\"2560\" height=\"1440\" class=\"wp-block-cover__image-background wp-image-25\" alt=\"Bateau port Regn\u00e9ville-sur-mer\" src=\"https:\/\/gitedelasienne.com\/wp-content\/uploads\/2023\/08\/bateauregneville-scaled.jpeg\" style=\"object-position:50% 0%\" data-object-fit=\"cover\" data-object-position=\"50% 0%\" srcset=\"https:\/\/gitedelasienne.com\/wp-content\/uploads\/2023\/08\/bateauregneville-scaled.jpeg 2560w, https:\/\/gitedelasienne.com\/wp-content\/uploads\/2023\/08\/bateauregneville-300x169.jpeg 300w, https:\/\/gitedelasienne.com\/wp-content\/uploads\/2023\/08\/bateauregneville-1024x576.jpeg 1024w, https:\/\/gitedelasienne.com\/wp-content\/uploads\/2023\/08\/bateauregneville-768x432.jpeg 768w, https:\/\/gitedelasienne.com\/wp-content\/uploads\/2023\/08\/bateauregneville-1536x864.jpeg 1536w, https:\/\/gitedelasienne.com\/wp-content\/uploads\/2023\/08\/bateauregneville-2048x1152.jpeg 2048w, https:\/\/gitedelasienne.com\/wp-content\/uploads\/2023\/08\/bateauregneville-2000x1125.jpeg 2000w\" sizes=\"auto, (max-width: 2560px) 100vw, 2560px\" \/><div class=\"wp-block-cover__inner-container is-layout-flow wp-block-cover-is-layout-flow\">\n<p class=\"has-text-align-center has-text-color has-huge-font-size\" style=\"color:#fffffa;line-height:1.1\"><strong>Besoin de plus d&rsquo;informations :<\/strong><\/p>\n\n\n\n<p class=\"has-text-align-center\"><\/p>\n\n\n\n<div style=\"height:39px\" aria-hidden=\"true\" class=\"wp-block-spacer\"><\/div>\n\n\n\n<div class=\"wp-block-buttons is-horizontal is-content-justification-center is-layout-flex wp-container-core-buttons-is-layout-499968f5 wp-block-buttons-is-layout-flex\">\n<div class=\"wp-block-button is-style-outline is-style-outline--2\"><a class=\"wp-block-button__link has-white-color has-text-color wp-element-button\" href=\"https:\/\/gitedelasienne.com\/index.php\/contact\/\">Contactez nous<\/a><\/div>\n<\/div>\n<\/div><\/div>\n\n\n\n<ul class=\"wp-block-social-links is-layout-flex wp-block-social-links-is-layout-flex\"><\/ul>\n","protected":false},"excerpt":{"rendered":"<p>Un havre de paix Enti\u00e8rement restaur\u00e9 d\u00e9but 2024, le G\u00eete de la Sienne vous ouvre ses portes au c\u0153ur du charmant village de Regn\u00e9ville-sur-Mer. \u00c0 seulement 200 m\u00e8tres de la baie de Sienne, vous pourrez profiter d&rsquo;une magnifique vue panoramique sur le havre de Regn\u00e9ville, s&rsquo;\u00e9tendant jusqu&rsquo;\u00e0 Granville au sud et offrant un aper\u00e7u sur la pointe d&rsquo;Agon et les \u00celes Chausey. Situ\u00e9 dans un quartier tr\u00e8s calme, notre g\u00eete vous accueille sur un vaste parc de 2000 m\u00b2, avec deux terrasses id\u00e9alement expos\u00e9es pour vos moments de d\u00e9tente. \u00c0 l&rsquo;int\u00e9rieur, une grande pi\u00e8ce de vie au rez-de-chauss\u00e9e, avec une cuisine enti\u00e8rement r\u00e9nov\u00e9e et \u00e9quip\u00e9e, vous attend, ainsi que deux chambres doubles confortables et une salle de bain. \u00c0 l&rsquo;\u00e9tage, un espace d\u00e9tente et ludique est \u00e0 votre disposition, offrant une vue \u00e0 180\u00b0 sur la mer. Vous y trouverez \u00e9galement une chambre double avec un lit b\u00e9b\u00e9, ainsi qu&rsquo;un dortoir pouvant accueillir cinq personnes, compos\u00e9 d&rsquo;un lit double, de trois lits simples et d&rsquo;une salle d&rsquo;eau privative. Une deuxi\u00e8me salle de bain se trouve \u00e9galement \u00e0 cet \u00e9tage, offrant un total de trois salles d&rsquo;eau et deux toilettes dans tout le g\u00eete. Au rez-de-jardin, une buanderie \u00e9quip\u00e9e d&rsquo;un lave-linge, d&rsquo;une cuisini\u00e8re et d&rsquo;un r\u00e9frig\u00e9rateur suppl\u00e9mentaire compl\u00e8te votre logement. Avec son acc\u00e8s ext\u00e9rieur, cette pi\u00e8ce pratique permet de ranger le barbecue, les chaises longues, les parasols \u00e0 votre disposition, et d&rsquo;y mettre en s\u00e9curit\u00e9 vos v\u00e9los, poussettes, et autres \u00e9quipements. Nous avons h\u00e2te de vous accueillir au G\u00eete de la Sienne et de vous faire d\u00e9couvrir ce coin de paradis. Activit\u00e9s \u00e0 proximit\u00e9s C\u00f4t\u00e9 restauration, trois restaurants sont accessibles \u00e0 pied, le Jules Gomez, La Baie et la Petite Gare. Sans oublier le bar L&rsquo;Escale qui propose r\u00e9guli\u00e8rement des d\u00e9gustations d&rsquo;huitres ou produits r\u00e9gionaux. Cot\u00e9 animation, vous ne manquerez pas d&rsquo;occupations : March\u00e9 et concert tous les vendredis soir au ch\u00e2teau en juillet et ao\u00fbt ainsi que le dimanche \u00e0 18&nbsp;H, concert au bar La Moussette \u00e0 Hauteville le vendredi soir, ap\u00e9ro concert \u00e0 la Petite gare le samedi soir. March\u00e9 \u00e0 Hauteville sur mer le dimanche matin, \u00e0 Agon-Coutainville le samedi matin, \u00e0 Montmartin sur mer le mercredi matin.L&rsquo;\u00e9cole de voile d&rsquo;Hauteville propose de nombreux stages de formation : d\u00e9riveur, paddle, chars \u00e0 voile, longe c\u00f4te. \u00c0 visiter : le Ch\u00e2teau et les fours \u00e0 chaux de Regn\u00e9ville, la p\u00eacherie Maillard \u00e0 Hauteville, sans oublier de faire de belles promenades dans la baie en remontant la Sienne au travers des pr\u00e9s-sal\u00e9s jusqu&rsquo;au pont de la Roque.Le havre accueille une grande vari\u00e9t\u00e9 d&rsquo;oiseaux marins et migrateurs ainsi qu&rsquo;une colonie de phoques visibles \u00e0 mar\u00e9e basse sur les bancs de sables. Grandes mar\u00e9es et p\u00eache \u00e0 pied : La zone maritime de Regn\u00e9ville est connue pour ses mar\u00e9es exceptionnelles. Avec un marnage identique \u00e0 celui du Mont-Saint-Michel, les grandes mar\u00e9es \u00e0 Regn\u00e9ville sont toujours l&rsquo;occasion d&rsquo;un spectacle qui attire curieux et amateur de belles photos. \u00c0 cette occasion, la mer se retire \u00e0 plusieurs kilom\u00e8tres, \u00e0 la plus grande joie des p\u00e9cheurs \u00e0 pied et remonte tr\u00e8s vite et tr\u00e8s haut (faites attention), recouvrant plage et pr\u00e9s-sal\u00e9s. Le paysage est ainsi totalement m\u00e9tamorphos\u00e9. Baignade et plage de sable fin : La c\u00f4te des Havres est connue pour ses grandes plages de plusieurs kilom\u00e8tres. Ces grands espaces vous permettront de vous livrer \u00e0 vos jeux de plage favoris (beach-volley, p\u00e9tanque, badminton, cerf-volant\u2026) ou de profiter de la baignade. Dans un rayon de 100 km, de tr\u00e8s nombreux sites prestigieux sont \u00e0 d\u00e9couvrir : le Mont-Saint-Michel, Granville, St M\u00e2lo, Cherbourg et sa cit\u00e9e de la mer, les plages du d\u00e9barquement, les marais du Cotentin\u2026 \u00c0 ne pas rater : De nombreux festivals sont propos\u00e9s. Jazz sous les pommiers \u00e0 Coutances en mai, Chauffer dans la Noirceur \u00e0 Montmartin sur mer en juillet, festival des voiles de travail \u00e0 Granville en aout, Papillons de nuits \u00e0 St-Laurent de Cuves en mai, La tr\u00e8s grande foire de Lessay en septembre, ou encore d\u00e9couvrir les \u00celes Chausey au d\u00e9part de Granville ou les \u00eeles Anglo-normandes (Jersey, Guernesey, Cerq\u2026) au d\u00e9part de Barneville Carterets. En conclusion, Regn\u00e9ville-sur-Mer est une destination unique en Normandie qui allie harmonieusement histoire, nature et gastronomie. Que vous soyez \u00e0 la recherche de d\u00e9couvertes historiques, de d\u00e9tente en pleine nature ou de plaisirs culinaires, ce village c\u00f4tier charmant a tout pour plaire. Laissez-vous s\u00e9duire par le charme intemporel de Regn\u00e9ville-sur-Mer et vivez une exp\u00e9rience inoubliable sur la c\u00f4te normande.<\/p>\n","protected":false},"author":1,"featured_media":0,"parent":0,"menu_order":0,"comment_status":"closed","ping_status":"closed","template":"","meta":{"footnotes":""},"class_list":["post-12","page","type-page","status-publish","hentry"],"_links":{"self":[{"href":"https:\/\/gitedelasienne.com\/index.php\/wp-json\/wp\/v2\/pages\/12","targetHints":{"allow":["GET"]}}],"collection":[{"href":"https:\/\/gitedelasienne.com\/index.php\/wp-json\/wp\/v2\/pages"}],"about":[{"href":"https:\/\/gitedelasienne.com\/index.php\/wp-json\/wp\/v2\/types\/page"}],"author":[{"embeddable":true,"href":"https:\/\/gitedelasienne.com\/index.php\/wp-json\/wp\/v2\/users\/1"}],"replies":[{"embeddable":true,"href":"https:\/\/gitedelasienne.com\/index.php\/wp-json\/wp\/v2\/comments?post=12"}],"version-history":[{"count":25,"href":"https:\/\/gitedelasienne.com\/index.php\/wp-json\/wp\/v2\/pages\/12\/revisions"}],"predecessor-version":[{"id":120,"href":"https:\/\/gitedelasienne.com\/index.php\/wp-json\/wp\/v2\/pages\/12\/revisions\/120"}],"wp:attachment":[{"href":"https:\/\/gitedelasienne.com\/index.php\/wp-json\/wp\/v2\/media?parent=12"}],"curies":[{"name":"wp","href":"https:\/\/api.w.org\/{rel}","templated":true}]}}